{"id":2435,"date":"2022-03-30T19:41:28","date_gmt":"2022-03-30T22:41:28","guid":{"rendered":"https:\/\/bikesky.com.br\/?page_id=2435"},"modified":"2022-03-30T19:58:34","modified_gmt":"2022-03-30T22:58:34","slug":"politica-de-privacidade","status":"publish","type":"page","link":"https:\/\/bikesky.com.br\/index.php\/politica-de-privacidade\/","title":{"rendered":"Seguran\u00e7a e Privacidade"},"content":{"rendered":"<p><strong>\u00c9 seguro comprar na loja virtual BikeSky?<\/strong><\/p>\n<p>Para proteger todos os seus dados, a BikeSky conta com toda tecnologia de seguran\u00e7a necess\u00e1ria para garantir uma navega\u00e7\u00e3o segura e uma \u00f3tima experiencia de compra.<\/p>\n<p>Nosso site possui certificado de seguran\u00e7a SSL que garante que todos os seus dados pessoais tais como, endere\u00e7o de entrega, dados de cart\u00e3o de cr\u00e9dito e hist\u00f3rico de pedidos, jamais sejam divulgados. Essa tecnologia tamb\u00e9m impede que o tr\u00e2nsito de informa\u00e7\u00f5es seja acessado por terceiros ou hackers.<\/p>\n<p><strong>Compartilhamento de informa\u00e7\u00f5es:<\/strong><\/p>\n<p>A BikeSky n\u00e3o ir\u00e1 vender, alugar ou transferir para terceiros seus dados sem a sua expressa e pr\u00e9via autoriza\u00e7\u00e3o, por escrito. Entretanto, essas informa\u00e7\u00f5es podem ser agrupadas e utilizadas, internamente, como estat\u00edsticas gen\u00e9ricas, visando obter um melhor entendimento do perfil dos usu\u00e1rios para aperfei\u00e7oamento dos produtos e servi\u00e7os oferecidos na loja virtual.<\/p>\n<p>A loja virtual BikeSky, n\u00e3o obriga o Usu\u00e1rio a fornecer quaisquer dados. Entretanto, caso o Usu\u00e1rio deseje se envolver e\/ou participar de qualquer a\u00e7\u00e3o promocional, algumas informa\u00e7\u00f5es adicionais poder\u00e3o ser solicitadas ao Usu\u00e1rio, as quais ser\u00e3o consideradas como sendo prestadas voluntariamente quando do registro ou cadastro do Usu\u00e1rio nas p\u00e1ginas pertinentes deste Site.<\/p>\n<p>N\u00e3o ser\u00e1 coletado, nem manter\u00e1 os Dados on-line de pessoas menores de 18 anos, sem o consentimento e autoriza\u00e7\u00e3o expressos de seus pais\/m\u00e3es ou representantes legais, exceto em determinadas circunst\u00e2ncias permitidas legalmente e descritas nesta Pol\u00edtica, e os pais ou representantes ser\u00e3o os exclusivos respons\u00e1veis dentro da esfera civil por todos e quaisquer atos praticados por menores enquanto visualizavam e\/ou utilizavam este Site.<\/p>\n<p>O Usu\u00e1rio concorda que somente poder\u00e1 submeter informa\u00e7\u00f5es verdadeiras, e reconhece que a BikeSky n\u00e3o tem a obriga\u00e7\u00e3o de verificar a precis\u00e3o dos Dados transmitidos pelo Usu\u00e1rio ou qualquer outra pessoa. Deste modo, o Usu\u00e1rio concorda que o conte\u00fado dos Dados enviados por meio desta loja virtual, s\u00e3o de inteira responsabilidade daquele que as enviou, ou de seus pais\/m\u00e3es ou representantes legais, quando aplic\u00e1vel, estando a BikeSky totalmente isenta de responder por quaisquer conseq\u00fc\u00eancias desses conte\u00fados.<\/p>\n<p><strong><br \/>\nE-mail de ofertas e servi\u00e7os:<\/strong><\/p>\n<p>O envio de e-mails ser\u00e1 feito apenas com o seu consentimento e poder\u00e1 ser desativado a qualquer momento. A BikeSky \u00e9 contra o envio de e-mails sem autoriza\u00e7\u00e3o pr\u00e9via (conhecidos como SPAM). Ao se cadastrar em nosso site, voc\u00ea poder\u00e1 escolher se deseja receber e-mails com informa\u00e7\u00f5es e promo\u00e7\u00f5es.<\/p>\n<p><strong><br \/>\nPropriedade das informa\u00e7\u00f5es:<\/strong><\/p>\n<p>Todas as informa\u00e7\u00f5es contidas neste site s\u00e3o propriedade da BikeSky, portanto, n\u00e3o poder\u00e3o ser alteradas, copiadas, extra\u00eddas ou de qualquer forma utilizadas sem a pr\u00e9via e expressa autoriza\u00e7\u00e3o por escrito por parte da BikeSky. Desta forma, ao acessar o site, o usu\u00e1rio fica ciente que a utiliza\u00e7\u00e3o indevida das informa\u00e7\u00f5es aqui contidas pode acarretar san\u00e7\u00f5es civis e criminais.<\/p>\n<p>O Usu\u00e1rio concorda em n\u00e3o usar os servi\u00e7os disponibilizados neste Site para efetuar qualquer neg\u00f3cio ou atividade proibida por lei, ou solicitar o desempenho de qualquer neg\u00f3cio ou atividade proibida por lei. A BikeSky reserva-se o direito de proibir a conduta, comunica\u00e7\u00f5es ou conte\u00fados que considere, por seu exclusivo e absoluto julgamento, violar qualquer lei ou que seja nociva aos usu\u00e1rios individuais, \u00e0s empresas e\/ou terceiros que constam neste Site, ou aos direitos da BikeSky ou de terceiros. N\u00e3o obstante, nada nesta cl\u00e1usula deve ser considerada uma obriga\u00e7\u00e3o da BikeSky em monitorar individualmente qualquer comunica\u00e7\u00e3o feita por meio deste Site. Todo e qualquer controle nesse sentido ser\u00e1 realizado por amostragem, salvo num caso espec\u00edfico.<\/p>\n<p><strong>Cookies:<\/strong><\/p>\n<p>Na BikeSky, o uso de cookies \u00e9 feito apenas para reconhecer um visitante constante e melhorar a experi\u00eancia de compra. Os cookies s\u00e3o pequenos arquivos de dados transferidos de um site da web para o disco do seu computador e n\u00e3o armazenam dados pessoais. Durante todo este processo mantemos suas informa\u00e7\u00f5es em sigilo absoluto. Vale lembrar que seus dados s\u00e3o registrados pela BikeSkyde forma automatizada, dispensando manipula\u00e7\u00e3o humana.<\/p>\n<p>Estamos a disposi\u00e7\u00e3o para sanar quaisquer d\u00favidas, por favor enviar para nosso e-mail: contato@bikesky.combr<\/p>\n","protected":false},"excerpt":{"rendered":"<p>\u00c9 seguro comprar na loja virtual BikeSky? Para proteger todos os seus dados, a BikeSky conta com toda tecnologia de seguran\u00e7a necess\u00e1ria para garantir uma navega\u00e7\u00e3o segura e uma \u00f3tima experiencia de compra. Nosso site possui certificado de seguran\u00e7a SSL que garante que todos os seus dados pessoais tais como, endere\u00e7o de entrega, dados de [&hellip;]<\/p>\n","protected":false},"author":1,"featured_media":0,"parent":0,"menu_order":0,"comment_status":"closed","ping_status":"closed","template":"","meta":[],"_links":{"self":[{"href":"https:\/\/bikesky.com.br\/index.php\/wp-json\/wp\/v2\/pages\/2435"}],"collection":[{"href":"https:\/\/bikesky.com.br\/index.php\/wp-json\/wp\/v2\/pages"}],"about":[{"href":"https:\/\/bikesky.com.br\/index.php\/wp-json\/wp\/v2\/types\/page"}],"author":[{"embeddable":true,"href":"https:\/\/bikesky.com.br\/index.php\/wp-json\/wp\/v2\/users\/1"}],"replies":[{"embeddable":true,"href":"https:\/\/bikesky.com.br\/index.php\/wp-json\/wp\/v2\/comments?post=2435"}],"version-history":[{"count":2,"href":"https:\/\/bikesky.com.br\/index.php\/wp-json\/wp\/v2\/pages\/2435\/revisions"}],"predecessor-version":[{"id":2439,"href":"https:\/\/bikesky.com.br\/index.php\/wp-json\/wp\/v2\/pages\/2435\/revisions\/2439"}],"wp:attachment":[{"href":"https:\/\/bikesky.com.br\/index.php\/wp-json\/wp\/v2\/media?parent=2435"}],"curies":[{"name":"wp","href":"https:\/\/api.w.org\/{rel}","templated":true}]}}