{"id":2440,"date":"2022-03-30T20:10:13","date_gmt":"2022-03-30T23:10:13","guid":{"rendered":"https:\/\/bikesky.com.br\/?page_id=2440"},"modified":"2024-07-08T20:09:59","modified_gmt":"2024-07-08T23:09:59","slug":"prazos-e-formas-de-envio","status":"publish","type":"page","link":"https:\/\/bikesky.com.br\/index.php\/prazos-e-formas-de-envio\/","title":{"rendered":"Prazos e Formas de Envios"},"content":{"rendered":"<p>[vc_row][vc_column][vc_column_text]<\/p>\n<p class=\"p1\"><span class=\"s1\"><b>Como funciona a entrega?<\/b><\/span><\/p>\n<p class=\"p2\">A BikeSkys entrega em todo o Brasil, utilizando Correios ou\u00a0 transportadoras. Voc\u00ea pode comprar com seguran\u00e7a e receber os produtos com conforto no endere\u00e7o que quiser!<\/p>\n<p class=\"p1\"><span class=\"s1\"><b><img loading=\"lazy\" class=\"alignnone wp-image-2514\" src=\"https:\/\/bikesky.com.br\/wp-content\/uploads\/2022\/04\/correios-300x158.jpg\" alt=\"Correios\" width=\"215\" height=\"113\" srcset=\"https:\/\/bikesky.com.br\/wp-content\/uploads\/2022\/04\/correios-300x158.jpg 300w, https:\/\/bikesky.com.br\/wp-content\/uploads\/2022\/04\/correios.jpg 310w\" sizes=\"(max-width: 215px) 100vw, 215px\" \/><br \/>\n<\/b><\/span><img loading=\"lazy\" class=\"alignnone wp-image-2517\" src=\"https:\/\/bikesky.com.br\/wp-content\/uploads\/2022\/04\/rodonaves.jpg\" alt=\"Rodonaves\" width=\"161\" height=\"91\" \/><\/p>\n<p class=\"p1\"><span class=\"s1\"><b><img loading=\"lazy\" class=\"alignnone wp-image-2515\" src=\"https:\/\/bikesky.com.br\/wp-content\/uploads\/2022\/04\/jadlog-300x112.png\" alt=\"Jadlogs\" width=\"182\" height=\"68\" srcset=\"https:\/\/bikesky.com.br\/wp-content\/uploads\/2022\/04\/jadlog-300x112.png 300w, https:\/\/bikesky.com.br\/wp-content\/uploads\/2022\/04\/jadlog.png 367w\" sizes=\"(max-width: 182px) 100vw, 182px\" \/><\/b><\/span><\/p>\n<p class=\"p1\"><span class=\"s1\"><b><img loading=\"lazy\" class=\"alignnone wp-image-2516\" src=\"https:\/\/bikesky.com.br\/wp-content\/uploads\/2022\/04\/jamef-300x225.jpg\" alt=\"Jamef\" width=\"197\" height=\"148\" srcset=\"https:\/\/bikesky.com.br\/wp-content\/uploads\/2022\/04\/jamef-300x225.jpg 300w, https:\/\/bikesky.com.br\/wp-content\/uploads\/2022\/04\/jamef-450x338.jpg 450w, https:\/\/bikesky.com.br\/wp-content\/uploads\/2022\/04\/jamef-595x446.jpg 595w, https:\/\/bikesky.com.br\/wp-content\/uploads\/2022\/04\/jamef.jpg 600w\" sizes=\"(max-width: 197px) 100vw, 197px\" \/><br \/>\n<\/b><\/span><\/p>\n<p class=\"p1\"><span class=\"s1\"><b>Prazo de Entrega<\/b><\/span><\/p>\n<p class=\"p2\">O prazo de entrega da sua compra depende da forma de envio escolhida. A Loja BikeSky atende em todo o Brasil em parceria com os Correios e Transportadoras, e os prazos de entrega podem variar conforme a regi\u00e3o de entrega.<\/p>\n<p class=\"p1\"><span class=\"s1\">Ser\u00e3o realizadas at\u00e9 3 tentativas de entrega pelos Correios no endere\u00e7o indicado, normalmente em dias consecutivos. N\u00e3o sendo poss\u00edvel a entrega do pedido em nenhuma das ocasi\u00f5es, o pedido ser\u00e1 devolvido para n\u00f3s, e entraremos em contato para inform\u00e1-lo.<\/span><\/p>\n<p class=\"p1\"><span class=\"s1\">Aten\u00e7\u00e3o: O prazo de entrega s\u00f3 come\u00e7a ap\u00f3s a confirma\u00e7\u00e3o do pagamento realizada at\u00e9 as 12:00h do mesmo dia \u00fatil. O prazo de entrega para pedidos com pagamentos confirmados ap\u00f3s as 12:00h s\u00f3 come\u00e7ar\u00e1 a contar no dia \u00fatil seguinte \u00e0 confirma\u00e7\u00e3o.<\/span><\/p>\n<p class=\"p1\"><strong><br \/>\nC\u00f3digo de Rastreio<\/strong><\/p>\n<p class=\"p1\">Ap\u00f3s ser postado seu produto, enviamos o c\u00f3digo de rastreio em at\u00e9 24hrs por e-mail.<\/p>\n<p><strong>D\u00favidas:<br \/>\n<\/strong>contato@bikesky.com.br<\/p>\n<p>&nbsp;[\/vc_column_text][\/vc_column][\/vc_row]<\/p>\n","protected":false},"excerpt":{"rendered":"<p>[vc_row][vc_column][vc_column_text] Como funciona a entrega? A BikeSkys entrega em todo o Brasil, utilizando Correios ou\u00a0 transportadoras. Voc\u00ea pode comprar com seguran\u00e7a e receber os produtos com conforto no endere\u00e7o que quiser! Prazo de Entrega O prazo de entrega da sua compra depende da forma de envio escolhida. A Loja BikeSky atende em todo o Brasil [&hellip;]<\/p>\n","protected":false},"author":1,"featured_media":0,"parent":0,"menu_order":0,"comment_status":"closed","ping_status":"closed","template":"","meta":[],"_links":{"self":[{"href":"https:\/\/bikesky.com.br\/index.php\/wp-json\/wp\/v2\/pages\/2440"}],"collection":[{"href":"https:\/\/bikesky.com.br\/index.php\/wp-json\/wp\/v2\/pages"}],"about":[{"href":"https:\/\/bikesky.com.br\/index.php\/wp-json\/wp\/v2\/types\/page"}],"author":[{"embeddable":true,"href":"https:\/\/bikesky.com.br\/index.php\/wp-json\/wp\/v2\/users\/1"}],"replies":[{"embeddable":true,"href":"https:\/\/bikesky.com.br\/index.php\/wp-json\/wp\/v2\/comments?post=2440"}],"version-history":[{"count":5,"href":"https:\/\/bikesky.com.br\/index.php\/wp-json\/wp\/v2\/pages\/2440\/revisions"}],"predecessor-version":[{"id":2796,"href":"https:\/\/bikesky.com.br\/index.php\/wp-json\/wp\/v2\/pages\/2440\/revisions\/2796"}],"wp:attachment":[{"href":"https:\/\/bikesky.com.br\/index.php\/wp-json\/wp\/v2\/media?parent=2440"}],"curies":[{"name":"wp","href":"https:\/\/api.w.org\/{rel}","templated":true}]}}