{"id":2501,"date":"2022-04-10T21:09:41","date_gmt":"2022-04-11T00:09:41","guid":{"rendered":"https:\/\/bikesky.com.br\/?page_id=2501"},"modified":"2024-07-08T20:08:45","modified_gmt":"2024-07-08T23:08:45","slug":"como-comprar","status":"publish","type":"page","link":"https:\/\/bikesky.com.br\/index.php\/como-comprar\/","title":{"rendered":"Como Comprar"},"content":{"rendered":"<p>[vc_row][vc_column][vc_column_text]<\/p>\n<div id=\"apus-main-content\">\n<section id=\"main-container\" class=\"container inner\">\n<div class=\"row\">\n<div id=\"main-content\" class=\"main-page col-xs-12 clearfix\">\n<div id=\"main\" class=\"site-main clearfix\" role=\"main\">\n<div class=\"elementor elementor-2034\" data-elementor-type=\"wp-page\" data-elementor-id=\"2034\" data-elementor-settings=\"[]\">\n<div class=\"elementor-section-wrap\">\n<section class=\"elementor-section elementor-top-section elementor-element elementor-element-18ca5714 elementor-section-boxed elementor-section-height-default elementor-section-height-default\" data-id=\"18ca5714\" data-element_type=\"section\">\n<div class=\"elementor-container elementor-column-gap-default\">\n<div class=\"elementor-column elementor-col-100 elementor-top-column elementor-element elementor-element-476bf5cd\" data-id=\"476bf5cd\" data-element_type=\"column\">\n<div class=\"elementor-widget-wrap elementor-element-populated\">\n<div class=\"elementor-element elementor-element-6f294add elementor-widget elementor-widget-text-editor\" data-id=\"6f294add\" data-element_type=\"widget\" data-widget_type=\"text-editor.default\">\n<div class=\"elementor-widget-container\">\n<h1>Como Comprar<\/h1>\n<p>Buscando sempre atender ao cliente de forma \u00e1gil e r\u00e1pida, temos as seguintes op\u00e7\u00f5es de compra:<\/p>\n<ul>\n<li>Atrav\u00e9s do nosso WhatsApp, clicando no bot\u00e3o.<\/li>\n<li>Falando com nossos atendentes atrav\u00e9s do Chat, localizado no canto inferior desta tela.<\/li>\n<\/ul>\n<p>Qualquer d\u00favida em rela\u00e7\u00e3o a COMO COMPRAR, entre em contato com nosso atendimento:<\/p>\n<ul>\n<li>Telefone | WhatsApp: 97679-5465<\/li>\n<li>E-mail: contato@bikesky.com.br<\/li>\n<\/ul>\n<hr \/>\n<p><strong><br \/>\nFormas de pagamentos dispon\u00edveis:<\/strong><\/p>\n<\/div>\n<\/div>\n<\/div>\n<\/div>\n<\/div>\n<\/section>\n<\/div>\n<\/div>\n<\/div>\n<\/div>\n<\/div>\n<\/section>\n<\/div>\n<div id=\"apus-footer\" class=\"apus-footer footer-builder-wrapper footer-1\">\n<div class=\"apus-footer-inner\">\n<div class=\"elementor elementor-89\" data-elementor-type=\"wp-post\" data-elementor-id=\"89\" data-elementor-settings=\"[]\">\n<div class=\"elementor-section-wrap\">\n<section class=\"elementor-section elementor-top-section elementor-element elementor-element-101e154 elementor-section-stretched elementor-section-boxed elementor-section-height-default elementor-section-height-default\" data-id=\"101e154\" data-element_type=\"section\" data-settings=\"{&quot;stretch_section&quot;:&quot;section-stretched&quot;}\">\n<div class=\"elementor-container elementor-column-gap-default\">\n<div class=\"elementor-column elementor-col-100 elementor-top-column elementor-element elementor-element-c471942\" data-id=\"c471942\" data-element_type=\"column\">\n<div class=\"elementor-widget-wrap elementor-element-populated\">\n<div class=\"elementor-element elementor-element-899707c elementor-widget elementor-widget-ogami_brands\" data-id=\"899707c\" data-element_type=\"widget\" data-widget_type=\"ogami_brands.default\">\n<div class=\"elementor-widget-container\">\n<div class=\"widget-brand carousel dark\">\n<div class=\"slick-carousel slick-initialized slick-slider\" data-items=\"6\" data-smalldesktop=\"6\" data-medium=\"4\" data-smallmedium=\"4\" data-extrasmall=\"3\" data-smallest=\"2\" data-pagination=\"false\" data-nav=\"true\">\n<div class=\"slick-list draggable\">\n<div class=\"slick-track\">\n<div class=\"brand-item slick-slide slick-active\" tabindex=\"0\" data-slick-index=\"2\" aria-hidden=\"false\">\n<p><a tabindex=\"0\" href=\"https:\/\/comprarcoroasdeflores.com.br\/como-comprar\/#\"><img loading=\"lazy\" class=\"alignnone wp-image-2589\" src=\"https:\/\/bikesky.com.br\/wp-content\/uploads\/2022\/10\/pix-logo-pagamento-300x150.png\" alt=\"Pagamento com Pix\" width=\"234\" height=\"117\" srcset=\"https:\/\/bikesky.com.br\/wp-content\/uploads\/2022\/10\/pix-logo-pagamento-300x150.png 300w, https:\/\/bikesky.com.br\/wp-content\/uploads\/2022\/10\/pix-logo-pagamento-600x300.png 600w, https:\/\/bikesky.com.br\/wp-content\/uploads\/2022\/10\/pix-logo-pagamento-450x225.png 450w, https:\/\/bikesky.com.br\/wp-content\/uploads\/2022\/10\/pix-logo-pagamento-595x298.png 595w, https:\/\/bikesky.com.br\/wp-content\/uploads\/2022\/10\/pix-logo-pagamento.png 706w\" sizes=\"(max-width: 234px) 100vw, 234px\" \/><\/a><\/p>\n<p><img loading=\"lazy\" class=\"alignnone wp-image-2591\" src=\"https:\/\/bikesky.com.br\/wp-content\/uploads\/2022\/10\/mercado-pago.png\" alt=\"\" width=\"244\" height=\"69\" \/><\/p>\n<p><img loading=\"lazy\" class=\"alignnone size-medium wp-image-2592\" src=\"https:\/\/bikesky.com.br\/wp-content\/uploads\/2022\/10\/pagseguro-300x114.png\" alt=\"\" width=\"300\" height=\"114\" srcset=\"https:\/\/bikesky.com.br\/wp-content\/uploads\/2022\/10\/pagseguro-300x114.png 300w, https:\/\/bikesky.com.br\/wp-content\/uploads\/2022\/10\/pagseguro.png 325w\" sizes=\"(max-width: 300px) 100vw, 300px\" \/><\/p>\n<p><img loading=\"lazy\" class=\"alignnone wp-image-2593\" src=\"https:\/\/bikesky.com.br\/wp-content\/uploads\/2022\/10\/paypal-300x118.png\" alt=\"\" width=\"257\" height=\"101\" srcset=\"https:\/\/bikesky.com.br\/wp-content\/uploads\/2022\/10\/paypal-300x118.png 300w, https:\/\/bikesky.com.br\/wp-content\/uploads\/2022\/10\/paypal.png 357w\" sizes=\"(max-width: 257px) 100vw, 257px\" \/><\/p>\n<\/div>\n<div class=\"brand-item slick-slide slick-active\" tabindex=\"0\" data-slick-index=\"3\" aria-hidden=\"false\">\n<p><a tabindex=\"0\" href=\"https:\/\/comprarcoroasdeflores.com.br\/como-comprar\/#\"><img src=\"https:\/\/comprarcoroasdeflores.com.br\/wp-content\/uploads\/2019\/01\/pagseguro-logo.png\" alt=\"\" \/><\/a><\/p>\n<p>&nbsp;<\/p>\n<\/div>\n<div class=\"brand-item slick-slide slick-active\" tabindex=\"0\" data-slick-index=\"4\" aria-hidden=\"false\"><a tabindex=\"0\" href=\"https:\/\/comprarcoroasdeflores.com.br\/como-comprar\/#\"><img src=\"https:\/\/comprarcoroasdeflores.com.br\/wp-content\/uploads\/2019\/01\/entregasegura-coroas-flores-sp.png\" alt=\"\" \/><\/a><\/div>\n<div class=\"brand-item slick-slide slick-active\" tabindex=\"0\" data-slick-index=\"5\" aria-hidden=\"false\"><\/div>\n<\/div>\n<\/div>\n<\/div>\n<\/div>\n<\/div>\n<\/div>\n<\/div>\n<\/div>\n<\/div>\n<\/section>\n<section class=\"elementor-section elementor-top-section elementor-element elementor-element-73e8e95 elementor-section-stretched elementor-hidden-phone elementor-section-boxed elementor-section-height-default elementor-section-height-default\" data-id=\"73e8e95\" data-element_type=\"section\" data-settings=\"{&quot;stretch_section&quot;:&quot;section-stretched&quot;}\">\n<div class=\"elementor-container elementor-column-gap-default\">\n<div class=\"elementor-column elementor-col-100 elementor-top-column elementor-element elementor-element-57d44ce\" data-id=\"57d44ce\" data-element_type=\"column\">\n<div class=\"elementor-widget-wrap elementor-element-populated\">\n<div class=\"elementor-element elementor-element-738abe5 elementor-hidden-tablet elementor-hidden-phone elementor-widget elementor-widget-spacer\" data-id=\"738abe5\" data-element_type=\"widget\" data-widget_type=\"spacer.default\">\n<div class=\"elementor-widget-container\">\n<div class=\"elementor-spacer\"><\/div>\n<\/div>\n<\/div>\n<\/div>\n<\/div>\n<\/div>\n<\/section>\n<\/div>\n<\/div>\n<\/div>\n<\/div>\n<p>[\/vc_column_text][\/vc_column][\/vc_row]<\/p>\n","protected":false},"excerpt":{"rendered":"<p>[vc_row][vc_column][vc_column_text] Como Comprar Buscando sempre atender ao cliente de forma \u00e1gil e r\u00e1pida, temos as seguintes op\u00e7\u00f5es de compra: Atrav\u00e9s do nosso WhatsApp, clicando no bot\u00e3o. Falando com nossos atendentes atrav\u00e9s do Chat, localizado no canto inferior desta tela. Qualquer d\u00favida em rela\u00e7\u00e3o a COMO COMPRAR, entre em contato com nosso atendimento: Telefone | WhatsApp: [&hellip;]<\/p>\n","protected":false},"author":1,"featured_media":0,"parent":0,"menu_order":0,"comment_status":"closed","ping_status":"closed","template":"","meta":[],"_links":{"self":[{"href":"https:\/\/bikesky.com.br\/index.php\/wp-json\/wp\/v2\/pages\/2501"}],"collection":[{"href":"https:\/\/bikesky.com.br\/index.php\/wp-json\/wp\/v2\/pages"}],"about":[{"href":"https:\/\/bikesky.com.br\/index.php\/wp-json\/wp\/v2\/types\/page"}],"author":[{"embeddable":true,"href":"https:\/\/bikesky.com.br\/index.php\/wp-json\/wp\/v2\/users\/1"}],"replies":[{"embeddable":true,"href":"https:\/\/bikesky.com.br\/index.php\/wp-json\/wp\/v2\/comments?post=2501"}],"version-history":[{"count":7,"href":"https:\/\/bikesky.com.br\/index.php\/wp-json\/wp\/v2\/pages\/2501\/revisions"}],"predecessor-version":[{"id":2795,"href":"https:\/\/bikesky.com.br\/index.php\/wp-json\/wp\/v2\/pages\/2501\/revisions\/2795"}],"wp:attachment":[{"href":"https:\/\/bikesky.com.br\/index.php\/wp-json\/wp\/v2\/media?parent=2501"}],"curies":[{"name":"wp","href":"https:\/\/api.w.org\/{rel}","templated":true}]}}