{"id":2504,"date":"2022-04-10T21:19:25","date_gmt":"2022-04-11T00:19:25","guid":{"rendered":"https:\/\/bikesky.com.br\/?page_id=2504"},"modified":"2022-10-31T15:55:15","modified_gmt":"2022-10-31T18:55:15","slug":"formas-de-pagamentos","status":"publish","type":"page","link":"https:\/\/bikesky.com.br\/index.php\/formas-de-pagamentos\/","title":{"rendered":"Formas de Pagamentos"},"content":{"rendered":"<p>[vc_row][vc_column][vc_column_text]<\/p>\n<h2>Oferecemos as formas mais seguras, atualizadas e pr\u00e1ticas para voc\u00ea fazer suas compras com tranquilidade e rapidez!<\/h2>\n<p><img loading=\"lazy\" class=\"alignnone wp-image-2589\" src=\"https:\/\/bikesky.com.br\/wp-content\/uploads\/2022\/10\/pix-logo-pagamento-300x150.png\" alt=\"Pagamento com Pix\" width=\"144\" height=\"72\" srcset=\"https:\/\/bikesky.com.br\/wp-content\/uploads\/2022\/10\/pix-logo-pagamento-300x150.png 300w, https:\/\/bikesky.com.br\/wp-content\/uploads\/2022\/10\/pix-logo-pagamento-600x300.png 600w, https:\/\/bikesky.com.br\/wp-content\/uploads\/2022\/10\/pix-logo-pagamento-450x225.png 450w, https:\/\/bikesky.com.br\/wp-content\/uploads\/2022\/10\/pix-logo-pagamento-595x298.png 595w, https:\/\/bikesky.com.br\/wp-content\/uploads\/2022\/10\/pix-logo-pagamento.png 706w\" sizes=\"(max-width: 144px) 100vw, 144px\" \/><\/p>\n<p><img loading=\"lazy\" class=\"alignnone wp-image-2591\" src=\"https:\/\/bikesky.com.br\/wp-content\/uploads\/2022\/10\/mercado-pago.png\" alt=\"\" width=\"240\" height=\"68\" \/><\/p>\n<p><img loading=\"lazy\" class=\"alignnone wp-image-2592\" src=\"https:\/\/bikesky.com.br\/wp-content\/uploads\/2022\/10\/pagseguro-300x114.png\" alt=\"\" width=\"276\" height=\"105\" srcset=\"https:\/\/bikesky.com.br\/wp-content\/uploads\/2022\/10\/pagseguro-300x114.png 300w, https:\/\/bikesky.com.br\/wp-content\/uploads\/2022\/10\/pagseguro.png 325w\" sizes=\"(max-width: 276px) 100vw, 276px\" \/><\/p>\n<p><img loading=\"lazy\" class=\"alignnone wp-image-2593\" src=\"https:\/\/bikesky.com.br\/wp-content\/uploads\/2022\/10\/paypal-300x118.png\" alt=\"\" width=\"226\" height=\"89\" srcset=\"https:\/\/bikesky.com.br\/wp-content\/uploads\/2022\/10\/paypal-300x118.png 300w, https:\/\/bikesky.com.br\/wp-content\/uploads\/2022\/10\/paypal.png 357w\" sizes=\"(max-width: 226px) 100vw, 226px\" \/><\/p>\n<h2>Cart\u00f5es de Cr\u00e9dito:<\/h2>\n<p>As compras com cart\u00f5es VISA, AMEX, MASTERCARD, DINERS e outros, nacionais ou internacionais s\u00e3o processadas no pr\u00f3prio sistema das operadoras atrav\u00e9s dos mais seguros servi\u00e7os de criptografia, assegurando total seguran\u00e7a na transmiss\u00e3o dos dados. Voc\u00ea digita os dados do seu cart\u00e3o e a operadora se encarrega de analizar seu cr\u00e9dito. Sendo aprovado, em instantes voc\u00ea encerra seu processo de compra. Voc\u00ea recebe ainda um \u201cComprovante de Venda\u201d com todos os dados do seu pedido e logo a seguir, um e-mail detalhado confirmando toda a opera\u00e7\u00e3o.<\/p>\n<p>Se voc\u00ea est\u00e1 tendo dificuldades de aprova\u00e7\u00e3o de seu cart\u00e3o, pode ser necess\u00e1rio solicitar ao seu Banco a libera\u00e7\u00e3o para compras on line.<\/p>\n<h2>Boleto Banc\u00e1rio<\/h2>\n<p>Ao concluir a compra voc\u00ea visualiza na sua tela um Boleto Banc\u00e1rio que pode ser impresso de imediato, e recebe ainda um link para acess\u00e1-lo \u00e0 qualquer hora no e-mail que confirma a opera\u00e7\u00e3o. As compras feitas por este sistema tem que ser pagas antes da entrega, e s\u00f3 s\u00e3o liberadas ap\u00f3s a compensa\u00e7\u00e3o banc\u00e1ria do pagamento ou dependem de aprova\u00e7\u00e3o de cr\u00e9dito por parte da Uniflores.com (normalmente para pessoas jur\u00eddicas). Para entregas urgentes e em menos de 24 horas, prefira as op\u00e7\u00f5es de transfer\u00eancia on-line ou cart\u00e3o de cr\u00e9dito.<\/p>\n<h2>Pix<\/h2>\n<p>O Pagamento via Pix dever\u00e1 realizado na chave Pix abaixo e enviar o comprovante via WhatsApp (11) 99487-0584 que seu pedido ser\u00e1 imediatamente aprovado. Os dados da conta escolhida s\u00e3o apresentados no momento da conclus\u00e3o da compra, ou est\u00e3o dispon\u00edveis abaixo:<\/p>\n<p>Chave PIX:<br \/>\nCNPJ: 34.779.913\/0001-70<br \/>\nEmpresa: Anderson Romero<br \/>\nBanco: Bradesco<\/p>\n<h2>Transfer\u00eancia ou Dep\u00f3sito Banc\u00e1rio<\/h2>\n<p>O Pagamento via transfer\u00eancia ou dep\u00f3sito, ap\u00f3s realizado, o comprovante dever\u00e1 ser enviado via WhatsApp (11) 99487-0584 que seu pedido ser\u00e1 imediatamente aprovado. Os dados da conta escolhida s\u00e3o apresentados no momento da conclus\u00e3o da compra, ou est\u00e3o dispon\u00edveis abaixo:<\/p>\n<p>Dados Banc\u00e1rios:<br \/>\nBradesco<br \/>\nAgencia: 0538<br \/>\nConta Corrente: 218486-9<br \/>\nCNPJ: 34.779.913\/0001-70<\/p>\n<h2>Faturamento para Empresas<\/h2>\n<p>Ap\u00f3s analise e aprova\u00e7\u00e3o de cadastro.<\/p>\n<p>Qualquer d\u00favida em rela\u00e7\u00e3o a COMO COMPRAR, entre em contato com nosso atendimento:<\/p>\n<ul>\n<li>Telefone: (11) 99487-0584<\/li>\n<li>Telefone | WhatsApp: (11) 99487-0584<\/li>\n<li>E-mail: contato@bikesky.com.br<\/li>\n<\/ul>\n<p>[\/vc_column_text][\/vc_column][\/vc_row]<\/p>\n","protected":false},"excerpt":{"rendered":"<p>[vc_row][vc_column][vc_column_text] Oferecemos as formas mais seguras, atualizadas e pr\u00e1ticas para voc\u00ea fazer suas compras com tranquilidade e rapidez! Cart\u00f5es de Cr\u00e9dito: As compras com cart\u00f5es VISA, AMEX, MASTERCARD, DINERS e outros, nacionais ou internacionais s\u00e3o processadas no pr\u00f3prio sistema das operadoras atrav\u00e9s dos mais seguros servi\u00e7os de criptografia, assegurando total seguran\u00e7a na transmiss\u00e3o dos dados. [&hellip;]<\/p>\n","protected":false},"author":1,"featured_media":0,"parent":0,"menu_order":0,"comment_status":"closed","ping_status":"closed","template":"","meta":[],"_links":{"self":[{"href":"https:\/\/bikesky.com.br\/index.php\/wp-json\/wp\/v2\/pages\/2504"}],"collection":[{"href":"https:\/\/bikesky.com.br\/index.php\/wp-json\/wp\/v2\/pages"}],"about":[{"href":"https:\/\/bikesky.com.br\/index.php\/wp-json\/wp\/v2\/types\/page"}],"author":[{"embeddable":true,"href":"https:\/\/bikesky.com.br\/index.php\/wp-json\/wp\/v2\/users\/1"}],"replies":[{"embeddable":true,"href":"https:\/\/bikesky.com.br\/index.php\/wp-json\/wp\/v2\/comments?post=2504"}],"version-history":[{"count":7,"href":"https:\/\/bikesky.com.br\/index.php\/wp-json\/wp\/v2\/pages\/2504\/revisions"}],"predecessor-version":[{"id":2595,"href":"https:\/\/bikesky.com.br\/index.php\/wp-json\/wp\/v2\/pages\/2504\/revisions\/2595"}],"wp:attachment":[{"href":"https:\/\/bikesky.com.br\/index.php\/wp-json\/wp\/v2\/media?parent=2504"}],"curies":[{"name":"wp","href":"https:\/\/api.w.org\/{rel}","templated":true}]}}