{"id":2509,"date":"2022-04-10T21:43:23","date_gmt":"2022-04-11T00:43:23","guid":{"rendered":"https:\/\/bikesky.com.br\/?page_id=2509"},"modified":"2024-06-30T21:12:37","modified_gmt":"2024-07-01T00:12:37","slug":"quem-somos","status":"publish","type":"page","link":"https:\/\/bikesky.com.br\/index.php\/quem-somos\/","title":{"rendered":"Quem Somos"},"content":{"rendered":"<p>[vc_row][vc_column][vc_column_text]A BikeSky \u00e9 uma loja de bike online apaixonada pelo ciclismo. Isso explica quem somos e porque vendemos equipamentos, componentes e acess\u00f3rios com a qualidade das melhores marcas mundiais do ciclismo profissional.<\/p>\n<p>Somos envolvidos pela garra do esporte, gostamos de sentir a emo\u00e7\u00e3o de cada vit\u00f3ria e de se impressionar com as surpreendentes manobras que o ciclismo oferece.<\/p>\n<h2><strong>Atendemos tamb\u00e9m em nossas lojas de bikes na grande S\u00e3o Paulo.<\/strong><\/h2>\n<p>A sede da nossa loja de bikes est\u00e1 instalada na regi\u00e3o central de S\u00e3o Paulo e Santo Andr\u00e9 no Abc Paulista. Embora estejamos em grande S\u00e3o Paulo, compartilhamos nosso sentimento com apaixonados de todo o Brasil, que praticam o esporte por divers\u00e3o ou profissionalmente.<\/p>\n<p>\u00c9 desse jeito que contribu\u00edmos para aumentar os resultados de atletas de todas as modalidades do ciclismo, seja amador ou profissional. A BikeSky \u00e9 mais que uma empresa, \u00e9 uma grande paix\u00e3o!<\/p>\n<p>Sabemos o benef\u00edcio que uma bicicleta traz e a solu\u00e7\u00e3o que ela representa para a mobilidade urbana, por isso tamb\u00e9m queremos incentivar seu uso como meio de transporte.<\/p>\n<div class=\"wpb_text_column wpb_content_element\">\n<div class=\"wpb_wrapper\">\n<p><strong>Endere\u00e7o:<\/strong><\/p>\n<p><strong>Matriz:<\/strong><br \/>\nAv. Nova York, 311 \u2013 Utinga \u2013 Santo Andr\u00e9 \u2013 SP<\/p>\n<p><strong>Telefones:<\/strong><\/p>\n<p><strong>Matriz:<\/strong><br \/>\n(11) 99487-0584<br \/>\n<strong><br \/>\n<\/strong><\/p>\n<p><strong>SAC: contato@bikesky.com.br<\/strong><\/p>\n<\/div>\n<div class=\"wpb_wrapper\">\n<p><img loading=\"lazy\" class=\"alignnone size-medium wp-image-2786\" src=\"https:\/\/bikesky.com.br\/wp-content\/uploads\/2024\/06\/bicicletas-bikesky-300x300.jpeg\" alt=\"\" width=\"300\" height=\"300\" srcset=\"https:\/\/bikesky.com.br\/wp-content\/uploads\/2024\/06\/bicicletas-bikesky-300x300.jpeg 300w, https:\/\/bikesky.com.br\/wp-content\/uploads\/2024\/06\/bicicletas-bikesky-600x600.jpeg 600w, https:\/\/bikesky.com.br\/wp-content\/uploads\/2024\/06\/bicicletas-bikesky-150x150.jpeg 150w, https:\/\/bikesky.com.br\/wp-content\/uploads\/2024\/06\/bicicletas-bikesky-768x768.jpeg 768w, https:\/\/bikesky.com.br\/wp-content\/uploads\/2024\/06\/bicicletas-bikesky-380x380.jpeg 380w, https:\/\/bikesky.com.br\/wp-content\/uploads\/2024\/06\/bicicletas-bikesky-450x450.jpeg 450w, https:\/\/bikesky.com.br\/wp-content\/uploads\/2024\/06\/bicicletas-bikesky-595x595.jpeg 595w, https:\/\/bikesky.com.br\/wp-content\/uploads\/2024\/06\/bicicletas-bikesky-100x100.jpeg 100w, https:\/\/bikesky.com.br\/wp-content\/uploads\/2024\/06\/bicicletas-bikesky-50x50.jpeg 50w, https:\/\/bikesky.com.br\/wp-content\/uploads\/2024\/06\/bicicletas-bikesky.jpeg 1080w\" sizes=\"(max-width: 300px) 100vw, 300px\" \/><\/p>\n<\/div>\n<\/div>\n<p>[\/vc_column_text][\/vc_column][\/vc_row]<\/p>\n","protected":false},"excerpt":{"rendered":"<p>[vc_row][vc_column][vc_column_text]A BikeSky \u00e9 uma loja de bike online apaixonada pelo ciclismo. Isso explica quem somos e porque vendemos equipamentos, componentes e acess\u00f3rios com a qualidade das melhores marcas mundiais do ciclismo profissional. Somos envolvidos pela garra do esporte, gostamos de sentir a emo\u00e7\u00e3o de cada vit\u00f3ria e de se impressionar com as surpreendentes manobras que [&hellip;]<\/p>\n","protected":false},"author":1,"featured_media":0,"parent":0,"menu_order":0,"comment_status":"closed","ping_status":"closed","template":"","meta":[],"_links":{"self":[{"href":"https:\/\/bikesky.com.br\/index.php\/wp-json\/wp\/v2\/pages\/2509"}],"collection":[{"href":"https:\/\/bikesky.com.br\/index.php\/wp-json\/wp\/v2\/pages"}],"about":[{"href":"https:\/\/bikesky.com.br\/index.php\/wp-json\/wp\/v2\/types\/page"}],"author":[{"embeddable":true,"href":"https:\/\/bikesky.com.br\/index.php\/wp-json\/wp\/v2\/users\/1"}],"replies":[{"embeddable":true,"href":"https:\/\/bikesky.com.br\/index.php\/wp-json\/wp\/v2\/comments?post=2509"}],"version-history":[{"count":7,"href":"https:\/\/bikesky.com.br\/index.php\/wp-json\/wp\/v2\/pages\/2509\/revisions"}],"predecessor-version":[{"id":2787,"href":"https:\/\/bikesky.com.br\/index.php\/wp-json\/wp\/v2\/pages\/2509\/revisions\/2787"}],"wp:attachment":[{"href":"https:\/\/bikesky.com.br\/index.php\/wp-json\/wp\/v2\/media?parent=2509"}],"curies":[{"name":"wp","href":"https:\/\/api.w.org\/{rel}","templated":true}]}}